{"id":21,"date":"2019-07-08T01:26:15","date_gmt":"2019-07-07T23:26:15","guid":{"rendered":"http:\/\/www.bono-pizzeria-pierrelaye.com\/?page_id=21"},"modified":"2026-04-21T23:32:55","modified_gmt":"2026-04-21T21:32:55","slug":"accueil","status":"publish","type":"page","link":"https:\/\/www.bono-pizzeria-pierrelaye.com\/","title":{"rendered":"ACCUEIL"},"content":{"rendered":"<div id=\"pl-21\"  class=\"panel-layout\" ><div id=\"pg-21-0\"  class=\"panel-grid panel-no-style\" ><div id=\"pgc-21-0-0\"  class=\"panel-grid-cell panel-grid-cell-empty\" ><\/div><\/div><div id=\"pg-21-1\"  class=\"panel-grid panel-no-style\" ><div id=\"pgc-21-1-0\"  class=\"panel-grid-cell\" ><div id=\"panel-21-1-0-0\" class=\"so-panel widget widget_sow-editor panel-first-child panel-last-child\" data-index=\"0\" ><div\n\t\t\t\n\t\t\tclass=\"so-widget-sow-editor so-widget-sow-editor-base\"\n\t\t\t\n\t\t>\n<div class=\"siteorigin-widget-tinymce textwidget\">\n\t<p>&nbsp;<br \/>\n<marquee scrollamount=\"8\"><\/p>\n<div align=\"center\"><strong><span style=\"color: #990000;\">N'oubliez pas de r\u00e9server votre soir\u00e9e dansante du dimanche 24 mai avec VIGON !<\/span><\/strong><\/div>\n<p><\/marquee><br \/>\n&nbsp;<\/p>\n<div align=\"center\">\n<p><img loading=\"lazy\" class=\"size-large wp-image-627\" src=\"http:\/\/www.bono-pizzeria-pierrelaye.com\/wp-content\/uploads\/2026\/04\/2025-05-24_bono-728x1024.jpg\" alt=\"\" width=\"728\" height=\"1024\" srcset=\"https:\/\/www.bono-pizzeria-pierrelaye.com\/wp-content\/uploads\/2026\/04\/2025-05-24_bono-728x1024.jpg 728w, https:\/\/www.bono-pizzeria-pierrelaye.com\/wp-content\/uploads\/2026\/04\/2025-05-24_bono-213x300.jpg 213w, https:\/\/www.bono-pizzeria-pierrelaye.com\/wp-content\/uploads\/2026\/04\/2025-05-24_bono-768x1080.jpg 768w, https:\/\/www.bono-pizzeria-pierrelaye.com\/wp-content\/uploads\/2026\/04\/2025-05-24_bono-1092x1536.jpg 1092w, https:\/\/www.bono-pizzeria-pierrelaye.com\/wp-content\/uploads\/2026\/04\/2025-05-24_bono-1456x2048.jpg 1456w, https:\/\/www.bono-pizzeria-pierrelaye.com\/wp-content\/uploads\/2026\/04\/2025-05-24_bono-scaled.jpg 1820w\" sizes=\"(max-width: 728px) 100vw, 728px\" \/><\/p>\n<div align=\"center\"><\/div>\n<\/div>\n<\/div>\n<\/div><\/div><\/div><\/div><div id=\"pg-21-2\"  class=\"panel-grid panel-no-style\" ><div id=\"pgc-21-2-0\"  class=\"panel-grid-cell\" ><div id=\"panel-21-2-0-0\" class=\"so-panel widget widget_sow-editor panel-first-child\" data-index=\"1\" ><div\n\t\t\t\n\t\t\tclass=\"so-widget-sow-editor so-widget-sow-editor-base\"\n\t\t\t\n\t\t>\n<div class=\"siteorigin-widget-tinymce textwidget\">\n\t<p>Le restaurant propose des pizzas cuites au feu de bois, ainsi qu'une carte tr\u00e8s vari\u00e9e de plats traditionnels de la cuisine franco-italienne.<\/p>\n<p>La salle principale peut accueillir un cinquantaine de personnes. Une deuxi\u00e8me salle est disponible \u00e0 l'arri\u00e8re et peut \u00eatre privatis\u00e9e pour vos \u00e9v\u00e9nements priv\u00e9s ou professionnels.<\/p>\n<p>&nbsp;<\/p>\n<p style=\"text-align: center;\"><strong>Restaurant Franco-Italien BONO<\/strong><br \/>\n137, avenue du G\u00e9n\u00e9ral de Gaulle - R.D.14<br \/>\n95480 PIERRELAYE<\/p>\n<p style=\"text-align: center;\">T\u00e9l : 01 30 37 65 37<\/p>\n<p style=\"text-align: center;\"><strong>Ouvert tous les jours<\/strong><br \/>\n<strong>de 12h00 \u00e0 15h00 et de 19h00 \u00e0 23h00<br \/>\n<\/strong>(sauf le dimanche midi)<\/p>\n<p>&nbsp;<\/p>\n<p style=\"text-align: center;\">\n<\/div>\n<\/div><\/div><div id=\"panel-21-2-0-1\" class=\"so-panel widget widget_sow-editor panel-last-child\" data-index=\"2\" ><div\n\t\t\t\n\t\t\tclass=\"so-widget-sow-editor so-widget-sow-editor-base\"\n\t\t\t\n\t\t>\n<div class=\"siteorigin-widget-tinymce textwidget\">\n\t<p>Le restaurant propose des pizzas cuites au feu de bois, ainsi qu'une carte tr\u00e8s vari\u00e9e de plats traditionnels de la cuisine franco-italienne.<\/p>\n<p>La salle principale peut accueillir un cinquantaine de personnes. Une deuxi\u00e8me salle est disponible \u00e0 l'arri\u00e8re et peut \u00eatre privatis\u00e9e pour vos \u00e9v\u00e9nements priv\u00e9s ou professionnels.<\/p>\n<p>&nbsp;<\/p>\n<p style=\"text-align: center;\"><strong>Restaurant Franco-Italien BONO<\/strong><br \/>\n137, avenue du G\u00e9n\u00e9ral de Gaulle - R.D.14<br \/>\n95480 PIERRELAYE<\/p>\n<p style=\"text-align: center;\">T\u00e9l : 01 30 37 65 37<\/p>\n<p style=\"text-align: center;\"><strong>Ouvert tous les jours<\/strong><br \/>\n<strong>de 12h00 \u00e0 15h00 et de 19h00 \u00e0 23h00<br \/>\n<\/strong>(sauf le dimanche midi)<\/p>\n<p>&nbsp;<\/p>\n<p style=\"text-align: center;\">\n<\/div>\n<\/div><\/div><\/div><\/div><div id=\"pg-21-3\"  class=\"panel-grid panel-no-style\" ><div id=\"pgc-21-3-0\"  class=\"panel-grid-cell\" ><div id=\"panel-21-3-0-0\" class=\"so-panel widget widget_sow-editor panel-first-child panel-last-child\" data-index=\"3\" ><div\n\t\t\t\n\t\t\tclass=\"so-widget-sow-editor so-widget-sow-editor-base\"\n\t\t\t\n\t\t>\n<div class=\"siteorigin-widget-tinymce textwidget\">\n\t<h5 style=\"text-align: center;\"><span style=\"color: #000000;\">PLATS A EMPORTER ET EN LIVRAISON<\/span><\/h5>\n<p style=\"text-align: center;\"><span style=\"color: #000000;\">de 12h00 \u00e0 15h00 et de 19h00 \u00e0 22h00<\/span><\/p>\n<p style=\"text-align: center;\"><span style=\"color: #000000;\">Livraison \u00e0 domicile avec UBER EATS.<\/span><br \/>\n<a href=\"https:\/\/www.ubereats.com\/fr\/paris\/food-delivery\/bono-pizzeria\/lr78RYUhQ8-H8U1KnNR0gg\" target=\"_blank\" rel=\"noopener noreferrer\"><span style=\"color: #000000;\"><u><br \/>\nCliquez pour acc\u00e9der \u00e0 la page de commande<\/u><\/span><\/a><br \/>\n<a href=\"https:\/\/www.ubereats.com\/fr\/paris\/food-delivery\/bono-pizzeria\/lr78RYUhQ8-H8U1KnNR0gg\" target=\"_blank\" rel=\"noopener noreferrer\"><img loading=\"lazy\" class=\"size-full wp-image-454 aligncenter\" src=\"http:\/\/www.bono-pizzeria-pierrelaye.com\/wp-content\/uploads\/2020\/04\/UberEats_300x100.jpg\" alt=\"\" width=\"300\" height=\"100\" \/><\/a><\/p>\n<\/div>\n<\/div><\/div><\/div><\/div><div id=\"pg-21-4\"  class=\"panel-grid panel-no-style\" ><div id=\"pgc-21-4-0\"  class=\"panel-grid-cell\" ><div id=\"panel-21-4-0-0\" class=\"so-panel widget widget_sow-editor panel-first-child\" data-index=\"4\" ><div\n\t\t\t\n\t\t\tclass=\"so-widget-sow-editor so-widget-sow-editor-base\"\n\t\t\t\n\t\t>\n<div class=\"siteorigin-widget-tinymce textwidget\">\n\t<p style=\"text-align: center;\"><div id=\"metaslider-id-118\" style=\"width: 100%; margin: 0 auto;\" class=\"ml-slider-3-28-3 metaslider metaslider-flex metaslider-118 ml-slider\">\n    <div id=\"metaslider_container_118\">\n        <div id=\"metaslider_118\">\n            <ul aria-live=\"polite\" class=\"slides\">\n                <li style=\"display: block; width: 100%;\" class=\"slide-121 ms-image\"><img src=\"https:\/\/www.bono-pizzeria-pierrelaye.com\/wp-content\/uploads\/2019\/10\/photo-facade-666x500.png\" height=\"600\" width=\"800\" alt=\"\" class=\"slider-118 slide-121\" title=\"photo-facade\" \/><\/li>\n                <li style=\"display: none; width: 100%;\" class=\"slide-122 ms-image\"><img src=\"https:\/\/www.bono-pizzeria-pierrelaye.com\/wp-content\/uploads\/2019\/10\/salle-666x500.png\" height=\"600\" width=\"800\" alt=\"\" class=\"slider-118 slide-122\" title=\"salle\" \/><\/li>\n            <\/ul>\n        <\/div>\n        \n    <\/div>\n<\/div><\/p>\n<\/div>\n<\/div><\/div><div id=\"panel-21-4-0-1\" class=\"widget_text so-panel widget widget_custom_html panel-last-child\" data-index=\"5\" ><div class=\"textwidget custom-html-widget\"><\/div><\/div><\/div><\/div><\/div>","protected":false},"excerpt":{"rendered":"<p>&nbsp; N&rsquo;oubliez pas de r\u00e9server votre soir\u00e9e dansante du dimanche 24 mai avec VIGON ! &nbsp;<\/p>\n","protected":false},"author":1,"featured_media":0,"parent":0,"menu_order":0,"comment_status":"closed","ping_status":"closed","template":"","meta":[],"_links":{"self":[{"href":"https:\/\/www.bono-pizzeria-pierrelaye.com\/index.php\/wp-json\/wp\/v2\/pages\/21"}],"collection":[{"href":"https:\/\/www.bono-pizzeria-pierrelaye.com\/index.php\/wp-json\/wp\/v2\/pages"}],"about":[{"href":"https:\/\/www.bono-pizzeria-pierrelaye.com\/index.php\/wp-json\/wp\/v2\/types\/page"}],"author":[{"embeddable":true,"href":"https:\/\/www.bono-pizzeria-pierrelaye.com\/index.php\/wp-json\/wp\/v2\/users\/1"}],"replies":[{"embeddable":true,"href":"https:\/\/www.bono-pizzeria-pierrelaye.com\/index.php\/wp-json\/wp\/v2\/comments?post=21"}],"version-history":[{"count":102,"href":"https:\/\/www.bono-pizzeria-pierrelaye.com\/index.php\/wp-json\/wp\/v2\/pages\/21\/revisions"}],"predecessor-version":[{"id":635,"href":"https:\/\/www.bono-pizzeria-pierrelaye.com\/index.php\/wp-json\/wp\/v2\/pages\/21\/revisions\/635"}],"wp:attachment":[{"href":"https:\/\/www.bono-pizzeria-pierrelaye.com\/index.php\/wp-json\/wp\/v2\/media?parent=21"}],"curies":[{"name":"wp","href":"https:\/\/api.w.org\/{rel}","templated":true}]}}