{"id":276,"date":"2019-11-15T12:06:22","date_gmt":"2019-11-15T11:06:22","guid":{"rendered":"http:\/\/www.bono-pizzeria-pierrelaye.com\/?page_id=276"},"modified":"2019-11-15T13:09:07","modified_gmt":"2019-11-15T12:09:07","slug":"les-autres-douceurs","status":"publish","type":"page","link":"https:\/\/www.bono-pizzeria-pierrelaye.com\/index.php\/fromage-desserts\/les-autres-douceurs\/","title":{"rendered":"LES AUTRES DOUCEURS"},"content":{"rendered":"<p>&nbsp;<\/p>\n\n<table id=\"tablepress-12\" class=\"tablepress tablepress-id-12\">\n<tbody>\n<tr class=\"row-1\">\n\t<td colspan=\"2\" class=\"column-1\"><H4><span style=\"color: #993300;\">Nos desserts maisons<\/span><\/H4><\/td>\n<\/tr>\n<tr class=\"row-2\">\n\t<td class=\"column-1\">Mousse au chocolat<\/td><td class=\"column-2\">5,50 \u20ac<\/td>\n<\/tr>\n<tr class=\"row-3\">\n\t<td class=\"column-1\">Cr\u00e8me caramel<\/td><td class=\"column-2\">5.50 \u20ac<\/td>\n<\/tr>\n<tr class=\"row-4\">\n\t<td class=\"column-1\">Cr\u00e8me br\u00fbl\u00e9e<\/td><td class=\"column-2\">6.00 \u20ac<\/td>\n<\/tr>\n<tr class=\"row-5\">\n\t<td class=\"column-1\">Tiramis\u00f9<\/td><td class=\"column-2\">7.00 \u20ac<\/td>\n<\/tr>\n<tr class=\"row-6\">\n\t<td class=\"column-1\">Fromage blanc et sa cr\u00e8me de marron<\/td><td class=\"column-2\">6.00 \u20ac<\/td>\n<\/tr>\n<tr class=\"row-7\">\n\t<td colspan=\"2\" class=\"column-1\"><p><\/p><br \/>\n<H4><span style=\"color: #993300;\">Nos desserts individuels<\/span><\/H4><\/td>\n<\/tr>\n<tr class=\"row-8\">\n\t<td class=\"column-1\">Tarte Tatin (avec sa boule de glace, parfum au choix)<\/td><td class=\"column-2\">6.00 \u20ac<\/td>\n<\/tr>\n<tr class=\"row-9\">\n\t<td class=\"column-1\">Caf\u00e9 gourmand (surprise du Chef)<\/td><td class=\"column-2\">7.50 \u20ac<\/td>\n<\/tr>\n<tr class=\"row-10\">\n\t<td class=\"column-1\">Dessert du jour<\/td><td class=\"column-2\">5.50 \u20ac<\/td>\n<\/tr>\n<tr class=\"row-11\">\n\t<td class=\"column-1\">Orange givr\u00e9e<\/td><td class=\"column-2\">6.00 \u20ac<\/td>\n<\/tr>\n<tr class=\"row-12\">\n\t<td class=\"column-1\">Nougat glac\u00e9<\/td><td class=\"column-2\">6.00 \u20ac<\/td>\n<\/tr>\n<tr class=\"row-13\">\n\t<td class=\"column-1\">Myst\u00e8re<\/td><td class=\"column-2\">6.00 \u20ac<\/td>\n<\/tr>\n<tr class=\"row-14\">\n\t<td class=\"column-1\">Irish Coffee * (glace vanille, caf\u00e9 avec whisky)<\/td><td class=\"column-2\">8.00 \u20ac<\/td>\n<\/tr>\n<\/tbody>\n<\/table>\n<!-- #tablepress-12 from cache -->\n<p>&nbsp;<\/p>\n<p>* <em>L&rsquo;abus d&rsquo;alcool est dangereux pour la sant\u00e9. A consommer avec mod\u00e9ration.<\/em><\/p>\n","protected":false},"excerpt":{"rendered":"<p>&nbsp; &nbsp; * L&rsquo;abus d&rsquo;alcool est dangereux pour la sant\u00e9. A consommer avec mod\u00e9ration.<\/p>\n","protected":false},"author":1,"featured_media":0,"parent":70,"menu_order":0,"comment_status":"closed","ping_status":"closed","template":"","meta":[],"_links":{"self":[{"href":"https:\/\/www.bono-pizzeria-pierrelaye.com\/index.php\/wp-json\/wp\/v2\/pages\/276"}],"collection":[{"href":"https:\/\/www.bono-pizzeria-pierrelaye.com\/index.php\/wp-json\/wp\/v2\/pages"}],"about":[{"href":"https:\/\/www.bono-pizzeria-pierrelaye.com\/index.php\/wp-json\/wp\/v2\/types\/page"}],"author":[{"embeddable":true,"href":"https:\/\/www.bono-pizzeria-pierrelaye.com\/index.php\/wp-json\/wp\/v2\/users\/1"}],"replies":[{"embeddable":true,"href":"https:\/\/www.bono-pizzeria-pierrelaye.com\/index.php\/wp-json\/wp\/v2\/comments?post=276"}],"version-history":[{"count":3,"href":"https:\/\/www.bono-pizzeria-pierrelaye.com\/index.php\/wp-json\/wp\/v2\/pages\/276\/revisions"}],"predecessor-version":[{"id":286,"href":"https:\/\/www.bono-pizzeria-pierrelaye.com\/index.php\/wp-json\/wp\/v2\/pages\/276\/revisions\/286"}],"up":[{"embeddable":true,"href":"https:\/\/www.bono-pizzeria-pierrelaye.com\/index.php\/wp-json\/wp\/v2\/pages\/70"}],"wp:attachment":[{"href":"https:\/\/www.bono-pizzeria-pierrelaye.com\/index.php\/wp-json\/wp\/v2\/media?parent=276"}],"curies":[{"name":"wp","href":"https:\/\/api.w.org\/{rel}","templated":true}]}}