{"id":35,"date":"2019-10-30T00:08:06","date_gmt":"2019-10-29T23:08:06","guid":{"rendered":"http:\/\/www.bono-pizzeria-pierrelaye.com\/?page_id=35"},"modified":"2022-10-14T05:57:33","modified_gmt":"2022-10-14T03:57:33","slug":"les-menus","status":"publish","type":"page","link":"https:\/\/www.bono-pizzeria-pierrelaye.com\/index.php\/les-menus\/","title":{"rendered":"MENUS"},"content":{"rendered":"<div id=\"pl-35\"  class=\"panel-layout\" ><div id=\"pg-35-0\"  class=\"panel-grid panel-no-style\" ><div id=\"pgc-35-0-0\"  class=\"panel-grid-cell\" ><div id=\"panel-35-0-0-0\" class=\"so-panel widget widget_sow-editor panel-first-child panel-last-child\" data-index=\"0\" ><div\n\t\t\t\n\t\t\tclass=\"so-widget-sow-editor so-widget-sow-editor-base\"\n\t\t\t\n\t\t>\n<div class=\"siteorigin-widget-tinymce textwidget\">\n\t<p>&nbsp;<\/p>\n<h4 style=\"text-align: center;\">Le Midi<\/h4>\n<p style=\"text-align: center;\">(servi uniquement le midi, du lundi au vendredi)<\/p>\n<h4 style=\"text-align: center;\">1 Entr\u00e9e + 1 Plat<br \/>\nou<br \/>\n1 Plat + 1 Dessert<br \/>\n15,00 \u20ac<\/h4>\n<p>&nbsp;<\/p>\n<h4 style=\"text-align: center;\">1 Entr\u00e9e + 1 Plat + 1 Dessert<br \/>\n18,00 \u20ac<\/h4>\n<\/div>\n<\/div><\/div><\/div><div id=\"pgc-35-0-1\"  class=\"panel-grid-cell\" ><div id=\"panel-35-0-1-0\" class=\"so-panel widget widget_sow-editor panel-first-child\" data-index=\"1\" ><div\n\t\t\t\n\t\t\tclass=\"so-widget-sow-editor so-widget-sow-editor-base\"\n\t\t\t\n\t\t>\n<div class=\"siteorigin-widget-tinymce textwidget\">\n\t<\/div>\n<\/div><\/div><div id=\"panel-35-0-1-1\" class=\"so-panel widget widget_sow-editor panel-last-child\" data-index=\"2\" ><div\n\t\t\t\n\t\t\tclass=\"so-widget-sow-editor so-widget-sow-editor-base\"\n\t\t\t\n\t\t>\n<div class=\"siteorigin-widget-tinymce textwidget\">\n\t<p style=\"text-align: center;\"><strong>Entr\u00e9e au choix<\/strong><br \/>\nAssiette de mortadelle<br \/>\n\u0152uf mayonnaise<br \/>\nSalade mixte<\/p>\n<p style=\"text-align: center;\"><strong>Plat au choix<\/strong><br \/>\nSteak hach\u00e9, frites<br \/>\nEscalope de dinde \u00e0 la cr\u00e8me fra\u00eeche<br \/>\nLasagne bolognaise<br \/>\nPizza Margherita, Isabella, Regina ou V\u00e9g\u00e9tarienne<\/p>\n<p style=\"text-align: center;\"><strong>Dessert au choix<\/strong><br \/>\nMousse au chocolat<br \/>\n2 boules de glace<br \/>\nTarte aux pommes<\/p>\n<p style=\"text-align: center;\"><code><\/code><\/p>\n<\/div>\n<\/div><\/div><\/div><div id=\"pgc-35-0-2\"  class=\"panel-grid-cell\" ><div id=\"panel-35-0-2-0\" class=\"so-panel widget widget_sow-editor panel-first-child panel-last-child\" data-index=\"3\" ><div\n\t\t\t\n\t\t\tclass=\"so-widget-sow-editor so-widget-sow-editor-base\"\n\t\t\t\n\t\t>\n<div class=\"siteorigin-widget-tinymce textwidget\">\n\t<p>&nbsp;<\/p>\n<h4 style=\"text-align: center;\">Le soir ou le week-end<\/h4>\n<p style=\"text-align: center;\">(servi avec 1 kir ou une boisson \"soft\")<\/p>\n<h4 style=\"text-align: center;\">1 Entr\u00e9e + 1 Plat<br \/>\nou<br \/>\n1 Plat + 1 Dessert<br \/>\n17,00 \u20ac<\/h4>\n<p>&nbsp;<\/p>\n<h4 style=\"text-align: center;\">1 Entr\u00e9e + 1 Plat + 1 Dessert<br \/>\n20,00 \u20ac<\/h4>\n<\/div>\n<\/div><\/div><\/div><\/div><div id=\"pg-35-1\"  class=\"panel-grid panel-no-style\" ><div id=\"pgc-35-1-0\"  class=\"panel-grid-cell\" ><div id=\"panel-35-1-0-0\" class=\"so-panel widget widget_sow-editor panel-first-child panel-last-child\" data-index=\"4\" ><div\n\t\t\t\n\t\t\tclass=\"so-widget-sow-editor so-widget-sow-editor-base\"\n\t\t\t\n\t\t>\n<div class=\"siteorigin-widget-tinymce textwidget\">\n\t<h4 style=\"text-align: center;\"><img loading=\"lazy\" class=\"size-full wp-image-40 alignleft\" src=\"http:\/\/www.bono-pizzeria-pierrelaye.com\/wp-content\/uploads\/2019\/10\/menu-enfants.png\" alt=\"\" width=\"200\" height=\"150\" \/><\/h4>\n<\/div>\n<\/div><\/div><\/div><div id=\"pgc-35-1-1\"  class=\"panel-grid-cell panel-grid-cell-mobile-last\" ><div id=\"panel-35-1-1-0\" class=\"so-panel widget widget_sow-editor panel-first-child\" data-index=\"5\" ><div\n\t\t\t\n\t\t\tclass=\"so-widget-sow-editor so-widget-sow-editor-base\"\n\t\t\t\n\t\t>\n<div class=\"siteorigin-widget-tinymce textwidget\">\n\t<h4 style=\"text-align: center;\"><\/h4>\n<h4 style=\"text-align: center;\">Menu Bambino - 10,00 \u20ac<\/h4>\n<p style=\"text-align: center;\">(jusqu'\u00e0 12 ans)<\/p>\n<h4 style=\"text-align: center;\">1 boisson + 1 Plat + 1 dessert<\/h4>\n<\/div>\n<\/div><\/div><div id=\"panel-35-1-1-1\" class=\"so-panel widget widget_sow-editor panel-last-child\" data-index=\"6\" ><div\n\t\t\t\n\t\t\tclass=\"so-widget-sow-editor so-widget-sow-editor-base\"\n\t\t\t\n\t\t>\n<div class=\"siteorigin-widget-tinymce textwidget\">\n\t<p style=\"text-align: center;\"><strong>Plat au choix<\/strong><br \/>\nSteack hach\u00e9, jambon ou nuggets (avec frites)<br \/>\nPizza au choix : Margherita, Isabella ou Regina<\/p>\n<p style=\"text-align: center;\"><strong>Dessert au choix<\/strong><br \/>\nMousse au chocolat<br \/>\n1 boule de glace<br \/>\nGlace Push Up<\/p>\n<\/div>\n<\/div><\/div><\/div><div id=\"pgc-35-1-2\"  class=\"panel-grid-cell panel-grid-cell-empty\" ><\/div><\/div><\/div>","protected":false},"excerpt":{"rendered":"<p>&nbsp; Le Midi (servi uniquement le midi, du lundi au vendredi) 1 Entr\u00e9e + 1 Plat ou 1 Plat + 1 Dessert 15,00 \u20ac &nbsp; 1 Entr\u00e9e + 1 Plat [&hellip;]<\/p>\n","protected":false},"author":1,"featured_media":0,"parent":0,"menu_order":0,"comment_status":"closed","ping_status":"closed","template":"","meta":[],"_links":{"self":[{"href":"https:\/\/www.bono-pizzeria-pierrelaye.com\/index.php\/wp-json\/wp\/v2\/pages\/35"}],"collection":[{"href":"https:\/\/www.bono-pizzeria-pierrelaye.com\/index.php\/wp-json\/wp\/v2\/pages"}],"about":[{"href":"https:\/\/www.bono-pizzeria-pierrelaye.com\/index.php\/wp-json\/wp\/v2\/types\/page"}],"author":[{"embeddable":true,"href":"https:\/\/www.bono-pizzeria-pierrelaye.com\/index.php\/wp-json\/wp\/v2\/users\/1"}],"replies":[{"embeddable":true,"href":"https:\/\/www.bono-pizzeria-pierrelaye.com\/index.php\/wp-json\/wp\/v2\/comments?post=35"}],"version-history":[{"count":31,"href":"https:\/\/www.bono-pizzeria-pierrelaye.com\/index.php\/wp-json\/wp\/v2\/pages\/35\/revisions"}],"predecessor-version":[{"id":526,"href":"https:\/\/www.bono-pizzeria-pierrelaye.com\/index.php\/wp-json\/wp\/v2\/pages\/35\/revisions\/526"}],"wp:attachment":[{"href":"https:\/\/www.bono-pizzeria-pierrelaye.com\/index.php\/wp-json\/wp\/v2\/media?parent=35"}],"curies":[{"name":"wp","href":"https:\/\/api.w.org\/{rel}","templated":true}]}}