{"id":48,"date":"2019-10-30T01:55:29","date_gmt":"2019-10-30T00:55:29","guid":{"rendered":"http:\/\/www.bono-pizzeria-pierrelaye.com\/?page_id=48"},"modified":"2022-10-14T05:59:42","modified_gmt":"2022-10-14T03:59:42","slug":"salades-entrees","status":"publish","type":"page","link":"https:\/\/www.bono-pizzeria-pierrelaye.com\/index.php\/carte\/salades-entrees\/","title":{"rendered":"SALADES\/ENTREES"},"content":{"rendered":"<p>&nbsp;<\/p>\n\n<table id=\"tablepress-20\" class=\"tablepress tablepress-id-20\">\n<tbody>\n<tr class=\"row-1\">\n\t<td class=\"column-1\"><h5>Nos salades gourmandes<\/h5><\/td><td class=\"column-2\"><\/td><td class=\"column-3\"><\/td>\n<\/tr>\n<tr class=\"row-2\">\n\t<td class=\"column-1\">Salade aux noix &amp; au roquefort<\/td><td class=\"column-2\">(salade, crudit\u00e9s, noix, roquefort, pomme)<\/td><td class=\"column-3\">10,00 \u20ac<\/td>\n<\/tr>\n<tr class=\"row-3\">\n\t<td class=\"column-1\">Salade de tomates au thon<\/td><td class=\"column-2\"><em>(salade, crudit\u00e9s, thon mayonnaise, \u0153uf)<\/em><\/td><td class=\"column-3\">11,00 \u20ac<\/td>\n<\/tr>\n<tr class=\"row-4\">\n\t<td class=\"column-1\">Salade Italienne<\/td><td class=\"column-2\"><em>(salade, crudit\u00e9s, thon, anchois, olives, c\u00e2pres, fromage, mozzarella di Bufala)<\/em><\/td><td class=\"column-3\">12,00 \u20ac<\/td>\n<\/tr>\n<tr class=\"row-5\">\n\t<td class=\"column-1\">Salade sp\u00e9ciale<\/td><td class=\"column-2\"><em>(salade, basilic, huile d'olive, mozzarella di Bufala, anchois, olives, c\u00e2pres)<\/em><\/td><td class=\"column-3\">12,00 \u20ac<\/td>\n<\/tr>\n<tr class=\"row-6\">\n\t<td class=\"column-1\">Fris\u00e9e aux lardons<\/td><td class=\"column-2\"><em>(salade fris\u00e9e, lardons, \u0153uf poch\u00e9)<\/em><\/td><td class=\"column-3\">12,00 \u20ac<\/td>\n<\/tr>\n<tr class=\"row-7\">\n\t<td class=\"column-1\">Salade de ch\u00e8vre chaud<\/td><td class=\"column-2\"><em>(salade, crudit\u00e9s, ch\u00e8vre chaud sur toasts, pomme, \u0153uf)<\/em><\/td><td class=\"column-3\">14,00 \u20ac<\/td>\n<\/tr>\n<tr class=\"row-8\">\n\t<td class=\"column-1\">Salade BONO<\/td><td class=\"column-2\"><em>(salade, crudit\u00e9s, jambon de Paris, emmental, \u0153uf, ma\u00efs)<\/em><\/td><td class=\"column-3\">14,00 \u20ac<\/td>\n<\/tr>\n<tr class=\"row-9\">\n\t<td class=\"column-1\">Salade du P\u00e9rigord<\/td><td class=\"column-2\"><em>(salade, crudit\u00e9s, magret de canard, foie gras sur toasts)<\/em><\/td><td class=\"column-3\">17,00 \u20ac<\/td>\n<\/tr>\n<tr class=\"row-10\">\n\t<td class=\"column-1\">Salade de g\u00e9siers<\/td><td class=\"column-2\"><em>(salade, pommes de terre, g\u00e9siers confits, tomates, \u0153ufs durs)<\/em><\/td><td class=\"column-3\">15,00 \u20ac<\/td>\n<\/tr>\n<tr class=\"row-11\">\n\t<td class=\"column-1\"><p><\/p><br \/>\n<h5>Nos entr\u00e9es<\/h5><\/td><td class=\"column-2\"><\/td><td class=\"column-3\"><\/td>\n<\/tr>\n<tr class=\"row-12\">\n\t<td class=\"column-1\">\u0152uf mayonnaise<\/td><td class=\"column-2\"><\/td><td class=\"column-3\">&nbsp;&nbsp;7,00 \u20ac<\/td>\n<\/tr>\n<tr class=\"row-13\">\n\t<td class=\"column-1\">Escargots (6 pi\u00e8ces)<\/td><td class=\"column-2\"><\/td><td class=\"column-3\">&nbsp;&nbsp;8,00 \u20ac<\/td>\n<\/tr>\n<tr class=\"row-14\">\n\t<td class=\"column-1\">Escargots (12 pi\u00e8ces)<\/td><td class=\"column-2\"><\/td><td class=\"column-3\">14,00 \u20ac<\/td>\n<\/tr>\n<tr class=\"row-15\">\n\t<td class=\"column-1\">Cocktail de crevettes et crudit\u00e9s<\/td><td class=\"column-2\"><\/td><td class=\"column-3\">10,00 \u20ac<\/td>\n<\/tr>\n<tr class=\"row-16\">\n\t<td class=\"column-1\">Avocat vinaigrette<\/td><td class=\"column-2\"><em>(avocat, \u0153uf, crudit\u00e9s)<\/em><\/td><td class=\"column-3\">10,00 \u20ac<\/td>\n<\/tr>\n<tr class=\"row-17\">\n\t<td class=\"column-1\">Avocat crevettes<\/td><td class=\"column-2\"><em>(avocat, crevettes, \u0153uf, crudit\u00e9s)<\/em><\/td><td class=\"column-3\">12,00 \u20ac<\/td>\n<\/tr>\n<tr class=\"row-18\">\n\t<td class=\"column-1\">Carpaccio de b\u0153uf  classico<\/td><td class=\"column-2\"><em>(parmesan ou mozzarella di Bufala, sauce au basilic, champignons)<\/em><\/td><td class=\"column-3\">15,00 \u20ac<\/td>\n<\/tr>\n<tr class=\"row-19\">\n\t<td class=\"column-1\">Melon au Porto (en saison)<\/td><td class=\"column-2\"><\/td><td class=\"column-3\">14,00 \u20ac<\/td>\n<\/tr>\n<tr class=\"row-20\">\n\t<td class=\"column-1\">Melon au jambon de Parme (en saison)<\/td><td class=\"column-2\"><\/td><td class=\"column-3\">15,00 \u20ac<\/td>\n<\/tr>\n<tr class=\"row-21\">\n\t<td class=\"column-1\"><p><\/p><br \/>\n<h5>Nos charcuteries<\/h5><\/td><td class=\"column-2\"><\/td><td class=\"column-3\"><\/td>\n<\/tr>\n<tr class=\"row-22\">\n\t<td class=\"column-1\">Assiette de mortadelle<\/td><td class=\"column-2\"><\/td><td class=\"column-3\">&nbsp;&nbsp;6,00 \u20ac<\/td>\n<\/tr>\n<tr class=\"row-23\">\n\t<td class=\"column-1\">Assiette de salami<\/td><td class=\"column-2\"><\/td><td class=\"column-3\">&nbsp;&nbsp;6,00 \u20ac<\/td>\n<\/tr>\n<tr class=\"row-24\">\n\t<td class=\"column-1\">Assiette de jambon de Parme<\/td><td class=\"column-2\"><\/td><td class=\"column-3\">14,00 \u20ac<\/td>\n<\/tr>\n<tr class=\"row-25\">\n\t<td class=\"column-1\">Assiette de charcuterie<\/td><td class=\"column-2\"><\/td><td class=\"column-3\">16,00 \u20ac<\/td>\n<\/tr>\n<tr class=\"row-26\">\n\t<td class=\"column-1\"><p><\/p><br \/>\n<h5>Nos gratins<\/h5><\/td><td class=\"column-2\"><\/td><td class=\"column-3\"><\/td>\n<\/tr>\n<tr class=\"row-27\">\n\t<td class=\"column-1\">Gratin de c\u0153ur d'artichaut *<\/td><td class=\"column-2\"><\/td><td class=\"column-3\">12,00 \u20ac<\/td>\n<\/tr>\n<tr class=\"row-28\">\n\t<td class=\"column-1\">Gratin d'avocat aux crevettes<\/td><td class=\"column-2\"><\/td><td class=\"column-3\">14,00 \u20ac<\/td>\n<\/tr>\n<tr class=\"row-29\">\n\t<td class=\"column-1\">Lasagne Bolognaise<\/td><td class=\"column-2\"><\/td><td class=\"column-3\">14,00 \u20ac<\/td>\n<\/tr>\n<tr class=\"row-30\">\n\t<td class=\"column-1\">Aubergines \u00e0 la Parmigiana *<\/td><td class=\"column-2\"><em>(aubergines, basilic, sauce napolitaine)<\/em><\/td><td class=\"column-3\">12,00 \u20ac<\/td>\n<\/tr>\n<tr class=\"row-31\">\n\t<td colspan=\"3\" class=\"column-1\">* suppl\u00e9ment jambon ou viande hach\u00e9e : + 2,00 \u20ac<\/td>\n<\/tr>\n<\/tbody>\n<\/table>\n<!-- #tablepress-20 from cache -->\n","protected":false},"excerpt":{"rendered":"<p>&nbsp;<\/p>\n","protected":false},"author":1,"featured_media":0,"parent":46,"menu_order":0,"comment_status":"closed","ping_status":"closed","template":"","meta":[],"_links":{"self":[{"href":"https:\/\/www.bono-pizzeria-pierrelaye.com\/index.php\/wp-json\/wp\/v2\/pages\/48"}],"collection":[{"href":"https:\/\/www.bono-pizzeria-pierrelaye.com\/index.php\/wp-json\/wp\/v2\/pages"}],"about":[{"href":"https:\/\/www.bono-pizzeria-pierrelaye.com\/index.php\/wp-json\/wp\/v2\/types\/page"}],"author":[{"embeddable":true,"href":"https:\/\/www.bono-pizzeria-pierrelaye.com\/index.php\/wp-json\/wp\/v2\/users\/1"}],"replies":[{"embeddable":true,"href":"https:\/\/www.bono-pizzeria-pierrelaye.com\/index.php\/wp-json\/wp\/v2\/comments?post=48"}],"version-history":[{"count":4,"href":"https:\/\/www.bono-pizzeria-pierrelaye.com\/index.php\/wp-json\/wp\/v2\/pages\/48\/revisions"}],"predecessor-version":[{"id":527,"href":"https:\/\/www.bono-pizzeria-pierrelaye.com\/index.php\/wp-json\/wp\/v2\/pages\/48\/revisions\/527"}],"up":[{"embeddable":true,"href":"https:\/\/www.bono-pizzeria-pierrelaye.com\/index.php\/wp-json\/wp\/v2\/pages\/46"}],"wp:attachment":[{"href":"https:\/\/www.bono-pizzeria-pierrelaye.com\/index.php\/wp-json\/wp\/v2\/media?parent=48"}],"curies":[{"name":"wp","href":"https:\/\/api.w.org\/{rel}","templated":true}]}}