{"id":50,"date":"2019-10-30T01:58:09","date_gmt":"2019-10-30T00:58:09","guid":{"rendered":"http:\/\/www.bono-pizzeria-pierrelaye.com\/?page_id=50"},"modified":"2022-10-14T06:03:25","modified_gmt":"2022-10-14T04:03:25","slug":"pates","status":"publish","type":"page","link":"https:\/\/www.bono-pizzeria-pierrelaye.com\/index.php\/carte\/pates\/","title":{"rendered":"P\u00c2TES"},"content":{"rendered":"<h4 style=\"text-align: left;\">Penne &#8211; Tagliatelles &#8211; Spaghetti<\/h4>\n<p>&nbsp;<br \/>\n\n<table id=\"tablepress-19\" class=\"tablepress tablepress-id-19\">\n<tbody>\n<tr class=\"row-1\">\n\t<td class=\"column-1\">Au basilic<\/td><td class=\"column-2\"><\/td><td class=\"column-3\">11,00 \u20ac<\/td>\n<\/tr>\n<tr class=\"row-2\">\n\t<td class=\"column-1\">Napolitaine<\/td><td class=\"column-2\"><\/td><td class=\"column-3\">12,00 \u20ac<\/td>\n<\/tr>\n<tr class=\"row-3\">\n\t<td class=\"column-1\">Gorgonzola<\/td><td class=\"column-2\"><\/td><td class=\"column-3\">13,00 \u20ac<\/td>\n<\/tr>\n<tr class=\"row-4\">\n\t<td class=\"column-1\">A la cr\u00e8me<\/td><td class=\"column-2\"><em>(p\u00e2tes, cr\u00e8me fra\u00eeche, champignons)<\/em><\/td><td class=\"column-3\">13,00 \u20ac<\/td>\n<\/tr>\n<tr class=\"row-5\">\n\t<td class=\"column-1\">Au roquefort<\/td><td class=\"column-2\"><em>(p\u00e2tes, cr\u00e8me fra\u00eeche, roquefort)<\/em><\/td><td class=\"column-3\">13,00 \u20ac<\/td>\n<\/tr>\n<tr class=\"row-6\">\n\t<td class=\"column-1\">Bolognaise<\/td><td class=\"column-2\"><\/td><td class=\"column-3\">14,00 \u20ac<\/td>\n<\/tr>\n<tr class=\"row-7\">\n\t<td class=\"column-1\">Carbonara<\/td><td class=\"column-2\"><\/td><td class=\"column-3\">13,50 \u20ac<\/td>\n<\/tr>\n<tr class=\"row-8\">\n\t<td class=\"column-1\">Aux quatre fromages<\/td><td class=\"column-2\"><\/td><td class=\"column-3\">15,00 \u20ac<\/td>\n<\/tr>\n<tr class=\"row-9\">\n\t<td class=\"column-1\">Fruits de mer<\/td><td class=\"column-2\"><\/td><td class=\"column-3\">15,00 \u20ac<\/td>\n<\/tr>\n<tr class=\"row-10\">\n\t<td class=\"column-1\">Saumon<\/td><td class=\"column-2\"><\/td><td class=\"column-3\">16,00 \u20ac<\/td>\n<\/tr>\n<tr class=\"row-11\">\n\t<td class=\"column-1\">BONO<\/td><td class=\"column-2\"><em>(p\u00e2tes, Saint-Jacques, calamar, crevettes roses)<\/em><\/td><td class=\"column-3\">17,00 \u20ac<\/td>\n<\/tr>\n<tr class=\"row-12\">\n\t<td class=\"column-1\">Du Chef<\/td><td class=\"column-2\"><em>(p\u00e2tes, jambon, champignons, sauce rose)<\/em><\/td><td class=\"column-3\">14,00 \u20ac<\/td>\n<\/tr>\n<tr class=\"row-13\">\n\t<td class=\"column-1\">A la diable<\/td><td class=\"column-2\"><em>(p\u00e2tes, sauce tomate, basilic, piment fort)<\/em><\/td><td class=\"column-3\">14,00 \u20ac<\/td>\n<\/tr>\n<tr class=\"row-14\">\n\t<td class=\"column-1\">A la cr\u00e8me de truffes<\/td><td class=\"column-2\"><em>(p\u00e2tes, jambon de Parme, champignons, sauce aux truffes)<\/em><\/td><td class=\"column-3\">15,00 \u20ac<\/td>\n<\/tr>\n<\/tbody>\n<\/table>\n<\/p>\n","protected":false},"excerpt":{"rendered":"<p>Penne &#8211; Tagliatelles &#8211; Spaghetti &nbsp;<\/p>\n","protected":false},"author":1,"featured_media":0,"parent":46,"menu_order":0,"comment_status":"closed","ping_status":"closed","template":"","meta":[],"_links":{"self":[{"href":"https:\/\/www.bono-pizzeria-pierrelaye.com\/index.php\/wp-json\/wp\/v2\/pages\/50"}],"collection":[{"href":"https:\/\/www.bono-pizzeria-pierrelaye.com\/index.php\/wp-json\/wp\/v2\/pages"}],"about":[{"href":"https:\/\/www.bono-pizzeria-pierrelaye.com\/index.php\/wp-json\/wp\/v2\/types\/page"}],"author":[{"embeddable":true,"href":"https:\/\/www.bono-pizzeria-pierrelaye.com\/index.php\/wp-json\/wp\/v2\/users\/1"}],"replies":[{"embeddable":true,"href":"https:\/\/www.bono-pizzeria-pierrelaye.com\/index.php\/wp-json\/wp\/v2\/comments?post=50"}],"version-history":[{"count":6,"href":"https:\/\/www.bono-pizzeria-pierrelaye.com\/index.php\/wp-json\/wp\/v2\/pages\/50\/revisions"}],"predecessor-version":[{"id":528,"href":"https:\/\/www.bono-pizzeria-pierrelaye.com\/index.php\/wp-json\/wp\/v2\/pages\/50\/revisions\/528"}],"up":[{"embeddable":true,"href":"https:\/\/www.bono-pizzeria-pierrelaye.com\/index.php\/wp-json\/wp\/v2\/pages\/46"}],"wp:attachment":[{"href":"https:\/\/www.bono-pizzeria-pierrelaye.com\/index.php\/wp-json\/wp\/v2\/media?parent=50"}],"curies":[{"name":"wp","href":"https:\/\/api.w.org\/{rel}","templated":true}]}}