{"id":52,"date":"2019-10-30T01:58:50","date_gmt":"2019-10-30T00:58:50","guid":{"rendered":"http:\/\/www.bono-pizzeria-pierrelaye.com\/?page_id=52"},"modified":"2022-10-14T06:04:40","modified_gmt":"2022-10-14T04:04:40","slug":"pizzas","status":"publish","type":"page","link":"https:\/\/www.bono-pizzeria-pierrelaye.com\/index.php\/carte\/pizzas\/","title":{"rendered":"PIZZAS"},"content":{"rendered":"<p>&nbsp;<\/p>\n<h4>Toutes nos pizzas sont cuites au feu de bois<\/h4>\n\n<table id=\"tablepress-21\" class=\"tablepress tablepress-id-21\" aria-describedby=\"tablepress-21-description\">\n<tbody>\n<tr class=\"row-1\">\n\t<td colspan=\"2\" class=\"column-1\"><h5>pizzas \u00e0 base de sauce tomate<\/h5><\/td><td class=\"column-3\"><\/td>\n<\/tr>\n<tr class=\"row-2\">\n\t<td class=\"column-1\">Margherita<\/td><td class=\"column-2\"><em>(sauce tomate, mozzarella, olives, origan)<\/em><\/td><td class=\"column-3\">10,50 \u20ac<\/td>\n<\/tr>\n<tr class=\"row-3\">\n\t<td class=\"column-1\">Isabella<\/td><td class=\"column-2\"><em>(sauce tomate, mozzarella, jambon, origan)<\/em><\/td><td class=\"column-3\">11,50 \u20ac<\/td>\n<\/tr>\n<tr class=\"row-4\">\n\t<td class=\"column-1\">Napolitana<\/td><td class=\"column-2\"><em>(sauce tomate, mozzarella, anchois, c\u00e2pres, olives, origan)<\/em><\/td><td class=\"column-3\">12,00 \u20ac<\/td>\n<\/tr>\n<tr class=\"row-5\">\n\t<td class=\"column-1\">Regina<\/td><td class=\"column-2\"><em>(sauce tomate, mozzarella, jambon, champignons, origan)<\/em><\/td><td class=\"column-3\">12,00 \u20ac<\/td>\n<\/tr>\n<tr class=\"row-6\">\n\t<td class=\"column-1\">Quattro stagioni<\/td><td class=\"column-2\"><em>(sauce tomate, mozzarella, jambon, champignons, artichaut, origan)<\/em><\/td><td class=\"column-3\">13,00 \u20ac<\/td>\n<\/tr>\n<tr class=\"row-7\">\n\t<td class=\"column-1\">Super<\/td><td class=\"column-2\"><em>(sauce tomate, mozzarella, jambon, champignons, chorizo, \u0153uf, origan)<\/em><\/td><td class=\"column-3\">15,00 \u20ac<\/td>\n<\/tr>\n<tr class=\"row-8\">\n\t<td class=\"column-1\">Chef<\/td><td class=\"column-2\"><em>(sauce tomate, mozzarella, merguez, oeuf, origan)<\/em><\/td><td class=\"column-3\">13,00 \u20ac<\/td>\n<\/tr>\n<tr class=\"row-9\">\n\t<td class=\"column-1\">Calzone (souffl\u00e9e)<\/td><td class=\"column-2\"><em>(sauce tomate, mozzarella, jambon, jaune d'\u0153uf, origan)<\/em><\/td><td class=\"column-3\">13,00 \u20ac<\/td>\n<\/tr>\n<tr class=\"row-10\">\n\t<td class=\"column-1\">Quattro formaggi<\/td><td class=\"column-2\"><em>(sauce tomate, 4 fromages, origan)<\/em><\/td><td class=\"column-3\">14,00 \u20ac<\/td>\n<\/tr>\n<tr class=\"row-11\">\n\t<td class=\"column-1\">Rome<\/td><td class=\"column-2\"><em>(sauce tomate, 4 fromages, jambon, origan)<\/em><\/td><td class=\"column-3\">15,00 \u20ac<\/td>\n<\/tr>\n<tr class=\"row-12\">\n\t<td class=\"column-1\">Royale<\/td><td class=\"column-2\"><em>(sauce tomate, mozzarella, chorizo, viande hach\u00e9e, \u0153uf, origan)<\/em><\/td><td class=\"column-3\">13,00 \u20ac<\/td>\n<\/tr>\n<tr class=\"row-13\">\n\t<td class=\"column-1\">Aubergine<\/td><td class=\"column-2\"><em>(sauce tomate, mozzarella, jambon, aubergines, origan)<\/em><\/td><td class=\"column-3\">13,00 \u20ac<\/td>\n<\/tr>\n<tr class=\"row-14\">\n\t<td class=\"column-1\">Al tonno<\/td><td class=\"column-2\"><em>(sauce tomate, mozzarella, thon, \u0153uf, origan)<\/em><\/td><td class=\"column-3\">13,00 \u20ac<\/td>\n<\/tr>\n<tr class=\"row-15\">\n\t<td class=\"column-1\">Gorgonzola<\/td><td class=\"column-2\"><em>(sauce tomate, mozzarella, gorgonzola, poivrons, \u0153uf, origan)<\/em><\/td><td class=\"column-3\">13,00 \u20ac<\/td>\n<\/tr>\n<tr class=\"row-16\">\n\t<td class=\"column-1\">Pescator<\/td><td class=\"column-2\"><em>(sauce tomate, mozzarella, fruits de mer, origan)<\/em><\/td><td class=\"column-3\">14,00 \u20ac<\/td>\n<\/tr>\n<tr class=\"row-17\">\n\t<td class=\"column-1\">Vesuvio<\/td><td class=\"column-2\"><em>(sauce tomate, mozzarella, jambon, chorizo, \u0153uf, origan)<\/em><\/td><td class=\"column-3\">14,00 \u20ac<\/td>\n<\/tr>\n<tr class=\"row-18\">\n\t<td class=\"column-1\">Parma<\/td><td class=\"column-2\"><em>(sauce tomate, mozzarella, jambon de Parme, \u0153uf, origan)<\/em><\/td><td class=\"column-3\">15,00 \u20ac<\/td>\n<\/tr>\n<tr class=\"row-19\">\n\t<td class=\"column-1\">Espagnole<\/td><td class=\"column-2\"><em>(sauce tomate, mozzarella, poivrons, oignons, chorizo, ch\u00e8vre, \u0153uf, origan)<\/em><\/td><td class=\"column-3\">15,00 \u20ac<\/td>\n<\/tr>\n<tr class=\"row-20\">\n\t<td class=\"column-1\">Capriciosa<\/td><td class=\"column-2\"><em>(sauce tomate, mozzarella, jambon, chorizo, beurre d'escargot, origan)<\/em><\/td><td class=\"column-3\">15,00 \u20ac<\/td>\n<\/tr>\n<tr class=\"row-21\">\n\t<td class=\"column-1\">BONO<\/td><td class=\"column-2\"><em>(sauce tomate, mozzarella, viande hach\u00e9e, merguez, \u0153uf, origan)<\/em><\/td><td class=\"column-3\">14,00 \u20ac<\/td>\n<\/tr>\n<tr class=\"row-22\">\n\t<td class=\"column-1\">Pacific<\/td><td class=\"column-2\"><em>(sauce tomate, mozzarella, saumon, cr\u00e8me fra\u00eeche, origan)<\/em><\/td><td class=\"column-3\">16,00 \u20ac<\/td>\n<\/tr>\n<tr class=\"row-23\">\n\t<td class=\"column-1\">V\u00e9g\u00e9tarienne<\/td><td class=\"column-2\"><em>(sauce tomate, mozzarella, champignons, artichaut, poivrons, olives, oignon, <br>aubergines, tomates fra\u00eeches, origan)<\/em><\/td><td class=\"column-3\">14,00 \u20ac<\/td>\n<\/tr>\n<tr class=\"row-24\">\n\t<td colspan=\"2\" class=\"column-1\"><p><\/p><br \/>\n<h5>pizzas \u00e0 base de cr\u00e8me fra\u00eeche<\/h5><\/td><td class=\"column-3\"><\/td>\n<\/tr>\n<tr class=\"row-25\">\n\t<td class=\"column-1\">Campagnarde<\/td><td class=\"column-2\"><em>(cr\u00e8me fra\u00eeche, mozzarella, ch\u00e8vre, lardons, oignons, pommes de terre, \u0153uf, origan)<\/em><\/td><td class=\"column-3\">14,00 \u20ac<\/td>\n<\/tr>\n<tr class=\"row-26\">\n\t<td class=\"column-1\">Tartiflette<\/td><td class=\"column-2\"><em>(cr\u00e8me fra\u00eeche, mozzarella, reblochon, lardons, oignons, pommes de terre, \u0153uf, origan)<\/em><\/td><td class=\"column-3\">14,00 \u20ac<\/td>\n<\/tr>\n<tr class=\"row-27\">\n\t<td class=\"column-1\">Ch\u00e8vre miel<\/td><td class=\"column-2\"><em>(cr\u00e8me fra\u00eeche, mozzarella, ch\u00e8vre, miel, origan)<\/em><\/td><td class=\"column-3\">14,00 \u20ac<\/td>\n<\/tr>\n<tr class=\"row-28\">\n\t<td class=\"column-1\">Sucr\u00e9e, sal\u00e9e<\/td><td class=\"column-2\"><em>(cr\u00e8me fra\u00eeche, mozzarella, ch\u00e8vre, miel, chorizo, origan)<\/em><\/td><td class=\"column-3\">15,00 \u20ac<\/td>\n<\/tr>\n<tr class=\"row-29\">\n\t<td class=\"column-1\">Paysanne<\/td><td class=\"column-2\"><em>(cr\u00e8me fra\u00eeche, mozzarella, champignons, lardons, oignons, ch\u00e8vre, \u0153uf, origan)<\/em><\/td><td class=\"column-3\">15,00 \u20ac<\/td>\n<\/tr>\n<tr class=\"row-30\">\n\t<td class=\"column-1\">Poulet<\/td><td class=\"column-2\"><em>(cr\u00e8me fra\u00eeche, mozzarella, \u00e9minc\u00e9s de poulet, champignons, pommes de terre, origan)<\/em><\/td><td class=\"column-3\">15,00 \u20ac<\/td>\n<\/tr>\n<tr class=\"row-31\">\n\t<td class=\"column-1\">Truffe<\/td><td class=\"column-2\"><em>(cr\u00e8me fra\u00eeche, mozzarella, sauce aux truffes, champignons, tomates cerises, jambon de Parme, origan)<\/em><\/td><td class=\"column-3\">16,00 \u20ac<\/td>\n<\/tr>\n<\/tbody>\n<\/table>\n<span id=\"tablepress-21-description\" class=\"tablepress-table-description tablepress-table-description-id-21\"><p><\/p><br \/>\nSuppl\u00e9ment l\u00e9gumes ou fromage :  + 1,00 \u20ac -  Suppl\u00e9ment viande ou anchois : + 2,00 \u20ac<\/span>\n<!-- #tablepress-21 from cache -->\n<p>&nbsp;<\/p>\n","protected":false},"excerpt":{"rendered":"<p>&nbsp; Toutes nos pizzas sont cuites au feu de bois &nbsp;<\/p>\n","protected":false},"author":1,"featured_media":0,"parent":46,"menu_order":0,"comment_status":"closed","ping_status":"closed","template":"","meta":[],"_links":{"self":[{"href":"https:\/\/www.bono-pizzeria-pierrelaye.com\/index.php\/wp-json\/wp\/v2\/pages\/52"}],"collection":[{"href":"https:\/\/www.bono-pizzeria-pierrelaye.com\/index.php\/wp-json\/wp\/v2\/pages"}],"about":[{"href":"https:\/\/www.bono-pizzeria-pierrelaye.com\/index.php\/wp-json\/wp\/v2\/types\/page"}],"author":[{"embeddable":true,"href":"https:\/\/www.bono-pizzeria-pierrelaye.com\/index.php\/wp-json\/wp\/v2\/users\/1"}],"replies":[{"embeddable":true,"href":"https:\/\/www.bono-pizzeria-pierrelaye.com\/index.php\/wp-json\/wp\/v2\/comments?post=52"}],"version-history":[{"count":8,"href":"https:\/\/www.bono-pizzeria-pierrelaye.com\/index.php\/wp-json\/wp\/v2\/pages\/52\/revisions"}],"predecessor-version":[{"id":529,"href":"https:\/\/www.bono-pizzeria-pierrelaye.com\/index.php\/wp-json\/wp\/v2\/pages\/52\/revisions\/529"}],"up":[{"embeddable":true,"href":"https:\/\/www.bono-pizzeria-pierrelaye.com\/index.php\/wp-json\/wp\/v2\/pages\/46"}],"wp:attachment":[{"href":"https:\/\/www.bono-pizzeria-pierrelaye.com\/index.php\/wp-json\/wp\/v2\/media?parent=52"}],"curies":[{"name":"wp","href":"https:\/\/api.w.org\/{rel}","templated":true}]}}