{"id":54,"date":"2019-10-30T02:00:45","date_gmt":"2019-10-30T01:00:45","guid":{"rendered":"http:\/\/www.bono-pizzeria-pierrelaye.com\/?page_id=54"},"modified":"2022-10-14T06:06:02","modified_gmt":"2022-10-14T04:06:02","slug":"viandes","status":"publish","type":"page","link":"https:\/\/www.bono-pizzeria-pierrelaye.com\/index.php\/carte\/viandes\/","title":{"rendered":"VIANDES"},"content":{"rendered":"<p>&nbsp;<\/p>\n<p>Accompagnement au choix : frites, haricots verts, p\u00e2tes, riz<br \/>\nAu del\u00e0 de 1 accompagnement, suppl\u00e9ment de 2,00 \u20ac<\/p>\n<p>&nbsp;<\/p>\n\n<table id=\"tablepress-23\" class=\"tablepress tablepress-id-23\">\n<tbody>\n<tr class=\"row-1\">\n\t<td colspan=\"2\" class=\"column-1\"><h5>Les grillades<\/h5><\/td><td class=\"column-3\"><\/td>\n<\/tr>\n<tr class=\"row-2\">\n\t<td class=\"column-1\">Steack hach\u00e9<\/td><td class=\"column-2\"><em><\/em><\/td><td class=\"column-3\">12,00 \u20ac<\/td>\n<\/tr>\n<tr class=\"row-3\">\n\t<td class=\"column-1\">Steack hach\u00e9 \u00e0 cheval<\/td><td class=\"column-2\"><em><\/em><\/td><td class=\"column-3\">13,00 \u20ac<\/td>\n<\/tr>\n<tr class=\"row-4\">\n\t<td class=\"column-1\">Steack hach\u00e9 sauce au choix *<\/td><td class=\"column-2\"><\/td><td class=\"column-3\">14,00 \u20ac<\/td>\n<\/tr>\n<tr class=\"row-5\">\n\t<td class=\"column-1\">Brochettes mixtes<\/td><td class=\"column-2\"><\/td><td class=\"column-3\">18,00 \u20ac<\/td>\n<\/tr>\n<tr class=\"row-6\">\n\t<td class=\"column-1\">Le pav\u00e9 sauce au choix *<\/td><td class=\"column-2\"><\/td><td class=\"column-3\">18,00 \u20ac<\/td>\n<\/tr>\n<tr class=\"row-7\">\n\t<td class=\"column-1\">L'entrec\u00f4te sauce au choix *<\/td><td class=\"column-2\"><\/td><td class=\"column-3\">20,00 \u20ac<\/td>\n<\/tr>\n<tr class=\"row-8\">\n\t<td colspan=\"3\" class=\"column-1\"><br \/>\n* sauces au choix : au gorgonzola, \u00e0 l'\u00e9chalotte, au poivre, au roquefort, ma\u00eetre d'h\u00f4tel<\/td>\n<\/tr>\n<tr class=\"row-9\">\n\t<td colspan=\"2\" class=\"column-1\"><p><\/p><br \/>\n<h5>L'escalope de veau<\/h5><\/td><td class=\"column-3\"><\/td>\n<\/tr>\n<tr class=\"row-10\">\n\t<td class=\"column-1\">Escalope gorgonzola<\/td><td class=\"column-2\"><em>(escalope de veau, cr\u00e8me fra\u00eeche, gorgonzola)<\/em><\/td><td class=\"column-3\">16,00 \u20ac<\/td>\n<\/tr>\n<tr class=\"row-11\">\n\t<td class=\"column-1\">Escalope \u00e0 la moutarde de Dijon<\/td><td class=\"column-2\"><em>(escalope de veau, cr\u00e8me fra\u00eeche, moutarde)<\/em><\/td><td class=\"column-3\">15,00 \u20ac<\/td>\n<\/tr>\n<tr class=\"row-12\">\n\t<td class=\"column-1\">Escalope Milanaise<\/td><td class=\"column-2\"><em><em>(escalope de veau, pan\u00e9e)<\/em><\/em><\/td><td class=\"column-3\">15,00 \u20ac<\/td>\n<\/tr>\n<tr class=\"row-13\">\n\t<td class=\"column-1\">Escalope \u00e0 la cr\u00e8me<\/td><td class=\"column-2\"><em>(escalope de veau, cr\u00e8me fra\u00eeche, champignons)<\/em><\/td><td class=\"column-3\">15,00 \u20ac<\/td>\n<\/tr>\n<tr class=\"row-14\">\n\t<td class=\"column-1\">Escalope Bolognaise<\/td><td class=\"column-2\"><em>(escalope de veau, jambon, mozzarella, tomates, gratin\u00e9e, sauce rose)<\/em><\/td><td class=\"column-3\">16,00 \u20ac<\/td>\n<\/tr>\n<tr class=\"row-15\">\n\t<td class=\"column-1\">Escalope au citron<\/td><td class=\"column-2\"><em>(escalope de veau, cr\u00e8me fra\u00eeche, citron)<\/em><\/td><td class=\"column-3\">16,00 \u20ac<\/td>\n<\/tr>\n<tr class=\"row-16\">\n\t<td class=\"column-1\">Escalope au Marsala<\/td><td class=\"column-2\"><em><em>(escalope de veau, cr\u00e8me fra\u00eeche, champignons, Marsala)<\/em><\/em><\/td><td class=\"column-3\">16,00 \u20ac<\/td>\n<\/tr>\n<tr class=\"row-17\">\n\t<td class=\"column-1\">Escalope BONO<\/td><td class=\"column-2\"><em>(escalope de veau, \u00e9pinards, jambon, mozzarella, gratin\u00e9e, sauce rose)<\/em><\/td><td class=\"column-3\">16,00 \u20ac<\/td>\n<\/tr>\n<tr class=\"row-18\">\n\t<td class=\"column-1\">Escalope \u00e0 la Boccocini<\/td><td class=\"column-2\"><em>(escalope de veau, mozzarella, jambon, gratin\u00e9e, sauce rose)<\/em><\/td><td class=\"column-3\">17,00 \u20ac<\/td>\n<\/tr>\n<tr class=\"row-19\">\n\t<td class=\"column-1\">Saltimboca \u00e0 la Romana<\/td><td class=\"column-2\"><em>(escalope de veau, cr\u00e8me fra\u00eeche, jambon de Parme, mozzarella, gratin\u00e9e)<\/em><\/td><td class=\"column-3\">17,00 \u20ac<\/td>\n<\/tr>\n<\/tbody>\n<\/table>\n<!-- #tablepress-23 from cache -->\n<p>&nbsp;<\/p>\n","protected":false},"excerpt":{"rendered":"<p>&nbsp; Accompagnement au choix : frites, haricots verts, p\u00e2tes, riz Au del\u00e0 de 1 accompagnement, suppl\u00e9ment de 2,00 \u20ac &nbsp; &nbsp;<\/p>\n","protected":false},"author":1,"featured_media":0,"parent":46,"menu_order":0,"comment_status":"closed","ping_status":"closed","template":"","meta":[],"_links":{"self":[{"href":"https:\/\/www.bono-pizzeria-pierrelaye.com\/index.php\/wp-json\/wp\/v2\/pages\/54"}],"collection":[{"href":"https:\/\/www.bono-pizzeria-pierrelaye.com\/index.php\/wp-json\/wp\/v2\/pages"}],"about":[{"href":"https:\/\/www.bono-pizzeria-pierrelaye.com\/index.php\/wp-json\/wp\/v2\/types\/page"}],"author":[{"embeddable":true,"href":"https:\/\/www.bono-pizzeria-pierrelaye.com\/index.php\/wp-json\/wp\/v2\/users\/1"}],"replies":[{"embeddable":true,"href":"https:\/\/www.bono-pizzeria-pierrelaye.com\/index.php\/wp-json\/wp\/v2\/comments?post=54"}],"version-history":[{"count":6,"href":"https:\/\/www.bono-pizzeria-pierrelaye.com\/index.php\/wp-json\/wp\/v2\/pages\/54\/revisions"}],"predecessor-version":[{"id":530,"href":"https:\/\/www.bono-pizzeria-pierrelaye.com\/index.php\/wp-json\/wp\/v2\/pages\/54\/revisions\/530"}],"up":[{"embeddable":true,"href":"https:\/\/www.bono-pizzeria-pierrelaye.com\/index.php\/wp-json\/wp\/v2\/pages\/46"}],"wp:attachment":[{"href":"https:\/\/www.bono-pizzeria-pierrelaye.com\/index.php\/wp-json\/wp\/v2\/media?parent=54"}],"curies":[{"name":"wp","href":"https:\/\/api.w.org\/{rel}","templated":true}]}}