{"id":56,"date":"2019-10-30T02:01:27","date_gmt":"2019-10-30T01:01:27","guid":{"rendered":"http:\/\/www.bono-pizzeria-pierrelaye.com\/?page_id=56"},"modified":"2022-10-14T06:07:00","modified_gmt":"2022-10-14T04:07:00","slug":"poissons","status":"publish","type":"page","link":"https:\/\/www.bono-pizzeria-pierrelaye.com\/index.php\/carte\/poissons\/","title":{"rendered":"POISSONS"},"content":{"rendered":"<p>&nbsp;<\/p>\n<p>Accompagnement au choix : frites, haricots verts, p\u00e2tes, riz<br \/>\nAu del\u00e0 de 1 accompagnement, suppl\u00e9ment de 2,00 \u20ac<\/p>\n<p>&nbsp;<\/p>\n\n<table id=\"tablepress-22\" class=\"tablepress tablepress-id-22\">\n<tbody>\n<tr class=\"row-1\">\n\t<td class=\"column-1\">Beignets de calamars<\/td><td class=\"column-2\"><em><\/em><\/td><td class=\"column-3\">14,00 \u20ac<\/td>\n<\/tr>\n<tr class=\"row-2\">\n\t<td class=\"column-1\">Beignets de scampi<\/td><td class=\"column-2\"><em><\/em><\/td><td class=\"column-3\">15,00 \u20ac<\/td>\n<\/tr>\n<tr class=\"row-3\">\n\t<td class=\"column-1\">Fritto misto<\/td><td class=\"column-2\"><\/td><td class=\"column-3\">16,00 \u20ac<\/td>\n<\/tr>\n<tr class=\"row-4\">\n\t<td class=\"column-1\">Scampi  la Proven\u00e7ale<\/td><td class=\"column-2\"><em><\/em><\/td><td class=\"column-3\">16,00 \u20ac<\/td>\n<\/tr>\n<tr class=\"row-5\">\n\t<td class=\"column-1\">Escalope de saumon grill\u00e9<\/td><td class=\"column-2\"><em><\/em><\/td><td class=\"column-3\">16,00 \u20ac<\/td>\n<\/tr>\n<tr class=\"row-6\">\n\t<td class=\"column-1\">Escalope de saumon \u00e0 l'oseille<\/td><td class=\"column-2\"><em><\/em><\/td><td class=\"column-3\">17,00 \u20ac<\/td>\n<\/tr>\n<tr class=\"row-7\">\n\t<td class=\"column-1\">Gambas grill\u00e9es<\/td><td class=\"column-2\"><em><\/em><\/td><td class=\"column-3\">21,00 \u20ac<\/td>\n<\/tr>\n<tr class=\"row-8\">\n\t<td class=\"column-1\">Gambas \u00e0 la Proven\u00e7ale<\/td><td class=\"column-2\"><em><\/em><\/td><td class=\"column-3\">22,00 \u20ac<\/td>\n<\/tr>\n<tr class=\"row-9\">\n\t<td class=\"column-1\">Saint-Jacques \u00e0 la proven\u00e7ale<\/td><td class=\"column-2\"><\/td><td class=\"column-3\">22,00 \u20ac<\/td>\n<\/tr>\n<tr class=\"row-10\">\n\t<td class=\"column-1\">Saint-Jacques au Cognac<\/td><td class=\"column-2\"><em><\/em><\/td><td class=\"column-3\">20,00 \u20ac<\/td>\n<\/tr>\n<\/tbody>\n<\/table>\n<!-- #tablepress-22 from cache -->\n<p>&nbsp;<\/p>\n","protected":false},"excerpt":{"rendered":"<p>&nbsp; Accompagnement au choix : frites, haricots verts, p\u00e2tes, riz Au del\u00e0 de 1 accompagnement, suppl\u00e9ment de 2,00 \u20ac &nbsp; &nbsp;<\/p>\n","protected":false},"author":1,"featured_media":0,"parent":46,"menu_order":0,"comment_status":"closed","ping_status":"closed","template":"","meta":[],"_links":{"self":[{"href":"https:\/\/www.bono-pizzeria-pierrelaye.com\/index.php\/wp-json\/wp\/v2\/pages\/56"}],"collection":[{"href":"https:\/\/www.bono-pizzeria-pierrelaye.com\/index.php\/wp-json\/wp\/v2\/pages"}],"about":[{"href":"https:\/\/www.bono-pizzeria-pierrelaye.com\/index.php\/wp-json\/wp\/v2\/types\/page"}],"author":[{"embeddable":true,"href":"https:\/\/www.bono-pizzeria-pierrelaye.com\/index.php\/wp-json\/wp\/v2\/users\/1"}],"replies":[{"embeddable":true,"href":"https:\/\/www.bono-pizzeria-pierrelaye.com\/index.php\/wp-json\/wp\/v2\/comments?post=56"}],"version-history":[{"count":9,"href":"https:\/\/www.bono-pizzeria-pierrelaye.com\/index.php\/wp-json\/wp\/v2\/pages\/56\/revisions"}],"predecessor-version":[{"id":531,"href":"https:\/\/www.bono-pizzeria-pierrelaye.com\/index.php\/wp-json\/wp\/v2\/pages\/56\/revisions\/531"}],"up":[{"embeddable":true,"href":"https:\/\/www.bono-pizzeria-pierrelaye.com\/index.php\/wp-json\/wp\/v2\/pages\/46"}],"wp:attachment":[{"href":"https:\/\/www.bono-pizzeria-pierrelaye.com\/index.php\/wp-json\/wp\/v2\/media?parent=56"}],"curies":[{"name":"wp","href":"https:\/\/api.w.org\/{rel}","templated":true}]}}