{"id":58,"date":"2019-10-30T02:02:29","date_gmt":"2019-10-30T01:02:29","guid":{"rendered":"http:\/\/www.bono-pizzeria-pierrelaye.com\/?page_id=58"},"modified":"2019-11-19T07:56:00","modified_gmt":"2019-11-19T06:56:00","slug":"boissons","status":"publish","type":"page","link":"https:\/\/www.bono-pizzeria-pierrelaye.com\/index.php\/boissons\/","title":{"rendered":"BOISSONS"},"content":{"rendered":"<div id=\"pl-58\"  class=\"panel-layout\" ><div id=\"pg-58-0\"  class=\"panel-grid panel-no-style\" ><div id=\"pgc-58-0-0\"  class=\"panel-grid-cell panel-grid-cell-empty\" ><\/div><div id=\"pgc-58-0-1\"  class=\"panel-grid-cell panel-grid-cell-empty panel-grid-cell-mobile-last\" ><\/div><div id=\"pgc-58-0-2\"  class=\"panel-grid-cell panel-grid-cell-empty\" ><\/div><\/div><div id=\"pg-58-1\"  class=\"panel-grid panel-no-style\" ><div id=\"pgc-58-1-0\"  class=\"panel-grid-cell\" ><div id=\"panel-58-1-0-0\" class=\"so-panel widget widget_sow-editor panel-first-child panel-last-child\" data-index=\"0\" ><div\n\t\t\t\n\t\t\tclass=\"so-widget-sow-editor so-widget-sow-editor-base\"\n\t\t\t\n\t\t>\n<div class=\"siteorigin-widget-tinymce textwidget\">\n\t<p><a href=\"http:\/\/www.bono-pizzeria-pierrelaye.com\/index.php\/boissons\/aperitifs-cocktails\/\"><img loading=\"lazy\" class=\"size-full wp-image-133 aligncenter\" src=\"http:\/\/www.bono-pizzeria-pierrelaye.com\/wp-content\/uploads\/2019\/10\/boissons_aperitifs.png\" alt=\"\" width=\"260\" height=\"200\" \/><\/a><\/p>\n<h5 style=\"text-align: center;\"><a href=\"http:\/\/www.bono-pizzeria-pierrelaye.com\/index.php\/boissons\/aperitifs-cocktails\/\">Ap\u00e9ritifs &amp; Cocktails<\/a><\/h5>\n<\/div>\n<\/div><\/div><\/div><div id=\"pgc-58-1-1\"  class=\"panel-grid-cell\" ><div id=\"panel-58-1-1-0\" class=\"so-panel widget widget_sow-editor panel-first-child panel-last-child\" data-index=\"1\" ><div\n\t\t\t\n\t\t\tclass=\"so-widget-sow-editor so-widget-sow-editor-base\"\n\t\t\t\n\t\t>\n<div class=\"siteorigin-widget-tinymce textwidget\">\n\t<p><a href=\"http:\/\/www.bono-pizzeria-pierrelaye.com\/index.php\/boissons\/boissons-fraiches\/\"><img loading=\"lazy\" class=\"size-full wp-image-136 aligncenter\" src=\"http:\/\/www.bono-pizzeria-pierrelaye.com\/wp-content\/uploads\/2019\/10\/boissons_fraiches.png\" alt=\"\" width=\"260\" height=\"200\" \/><\/a><\/p>\n<h5 style=\"text-align: center;\"><a href=\"http:\/\/www.bono-pizzeria-pierrelaye.com\/index.php\/boissons\/boissons-fraiches\/\">Boissons fra\u00eeches (soft &amp; bi\u00e8res)<\/a><\/h5>\n<\/div>\n<\/div><\/div><\/div><div id=\"pgc-58-1-2\"  class=\"panel-grid-cell\" ><div id=\"panel-58-1-2-0\" class=\"so-panel widget widget_sow-editor panel-first-child panel-last-child\" data-index=\"2\" ><div\n\t\t\t\n\t\t\tclass=\"so-widget-sow-editor so-widget-sow-editor-base\"\n\t\t\t\n\t\t>\n<div class=\"siteorigin-widget-tinymce textwidget\">\n\t<p><a href=\"http:\/\/www.bono-pizzeria-pierrelaye.com\/index.php\/boissons\/carte-des-vins\/\"><img loading=\"lazy\" class=\"size-full wp-image-137 aligncenter\" src=\"http:\/\/www.bono-pizzeria-pierrelaye.com\/wp-content\/uploads\/2019\/10\/boissons_vins.png\" alt=\"\" width=\"260\" height=\"200\" \/><\/a><\/p>\n<h5 style=\"text-align: center;\"><a href=\"http:\/\/www.bono-pizzeria-pierrelaye.com\/index.php\/boissons\/carte-des-vins\/\">Carte des vins<\/a><\/h5>\n<\/div>\n<\/div><\/div><\/div><\/div><div id=\"pg-58-2\"  class=\"panel-grid panel-no-style\" ><div id=\"pgc-58-2-0\"  class=\"panel-grid-cell\" ><div id=\"panel-58-2-0-0\" class=\"so-panel widget widget_sow-editor panel-first-child panel-last-child\" data-index=\"3\" ><div\n\t\t\t\n\t\t\tclass=\"so-widget-sow-editor so-widget-sow-editor-base\"\n\t\t\t\n\t\t>\n<div class=\"siteorigin-widget-tinymce textwidget\">\n\t<p><a href=\"http:\/\/www.bono-pizzeria-pierrelaye.com\/index.php\/boissons\/champagne-digestifs\/\"><img loading=\"lazy\" class=\"size-full wp-image-135 aligncenter\" src=\"http:\/\/www.bono-pizzeria-pierrelaye.com\/wp-content\/uploads\/2019\/10\/boissons_digestifs.png\" alt=\"\" width=\"260\" height=\"200\" \/><\/a><\/p>\n<h5 style=\"text-align: center;\"><a href=\"http:\/\/www.bono-pizzeria-pierrelaye.com\/index.php\/boissons\/champagne-digestifs\/\">Champagne &amp; Digestifs<\/a><\/h5>\n<\/div>\n<\/div><\/div><\/div><div id=\"pgc-58-2-1\"  class=\"panel-grid-cell\" ><div id=\"panel-58-2-1-0\" class=\"so-panel widget widget_sow-editor panel-first-child panel-last-child\" data-index=\"4\" ><div\n\t\t\t\n\t\t\tclass=\"so-widget-sow-editor so-widget-sow-editor-base\"\n\t\t\t\n\t\t>\n<div class=\"siteorigin-widget-tinymce textwidget\">\n\t<p style=\"text-align: center;\"><img loading=\"lazy\" class=\"size-full wp-image-330 aligncenter\" src=\"http:\/\/www.bono-pizzeria-pierrelaye.com\/wp-content\/uploads\/2019\/11\/logo2.jpg\" alt=\"\" width=\"168\" height=\"200\" \/><\/p>\n<\/div>\n<\/div><\/div><\/div><div id=\"pgc-58-2-2\"  class=\"panel-grid-cell\" ><div id=\"panel-58-2-2-0\" class=\"so-panel widget widget_sow-editor panel-first-child panel-last-child\" data-index=\"5\" ><div\n\t\t\t\n\t\t\tclass=\"so-widget-sow-editor so-widget-sow-editor-base\"\n\t\t\t\n\t\t>\n<div class=\"siteorigin-widget-tinymce textwidget\">\n\t<p><a href=\"http:\/\/www.bono-pizzeria-pierrelaye.com\/index.php\/boissons\/boissons-chaudes\/\"><img loading=\"lazy\" class=\"size-full wp-image-134 aligncenter\" src=\"http:\/\/www.bono-pizzeria-pierrelaye.com\/wp-content\/uploads\/2019\/10\/boissons_chaudes.png\" alt=\"\" width=\"260\" height=\"200\" \/><\/a><\/p>\n<h5 style=\"text-align: center;\"><a href=\"http:\/\/www.bono-pizzeria-pierrelaye.com\/index.php\/boissons\/boissons-chaudes\/\">Boissons chaudes<\/a><\/h5>\n<\/div>\n<\/div><\/div><\/div><\/div><\/div>","protected":false},"excerpt":{"rendered":"<p>Ap\u00e9ritifs &amp; Cocktails Boissons fra\u00eeches (soft &amp; bi\u00e8res) Carte des vins<\/p>\n","protected":false},"author":1,"featured_media":0,"parent":0,"menu_order":0,"comment_status":"closed","ping_status":"closed","template":"","meta":[],"_links":{"self":[{"href":"https:\/\/www.bono-pizzeria-pierrelaye.com\/index.php\/wp-json\/wp\/v2\/pages\/58"}],"collection":[{"href":"https:\/\/www.bono-pizzeria-pierrelaye.com\/index.php\/wp-json\/wp\/v2\/pages"}],"about":[{"href":"https:\/\/www.bono-pizzeria-pierrelaye.com\/index.php\/wp-json\/wp\/v2\/types\/page"}],"author":[{"embeddable":true,"href":"https:\/\/www.bono-pizzeria-pierrelaye.com\/index.php\/wp-json\/wp\/v2\/users\/1"}],"replies":[{"embeddable":true,"href":"https:\/\/www.bono-pizzeria-pierrelaye.com\/index.php\/wp-json\/wp\/v2\/comments?post=58"}],"version-history":[{"count":11,"href":"https:\/\/www.bono-pizzeria-pierrelaye.com\/index.php\/wp-json\/wp\/v2\/pages\/58\/revisions"}],"predecessor-version":[{"id":332,"href":"https:\/\/www.bono-pizzeria-pierrelaye.com\/index.php\/wp-json\/wp\/v2\/pages\/58\/revisions\/332"}],"wp:attachment":[{"href":"https:\/\/www.bono-pizzeria-pierrelaye.com\/index.php\/wp-json\/wp\/v2\/media?parent=58"}],"curies":[{"name":"wp","href":"https:\/\/api.w.org\/{rel}","templated":true}]}}