{"id":60,"date":"2019-10-30T02:04:25","date_gmt":"2019-10-30T01:04:25","guid":{"rendered":"http:\/\/www.bono-pizzeria-pierrelaye.com\/?page_id=60"},"modified":"2022-10-14T05:19:49","modified_gmt":"2022-10-14T03:19:49","slug":"aperitifs-cocktails","status":"publish","type":"page","link":"https:\/\/www.bono-pizzeria-pierrelaye.com\/index.php\/boissons\/aperitifs-cocktails\/","title":{"rendered":"APERITIFS\/COCKTAILS"},"content":{"rendered":"<p>&nbsp;<\/p>\n\n<table id=\"tablepress-13\" class=\"tablepress tablepress-id-13\">\n<tbody>\n<tr class=\"row-1\">\n\t<td class=\"column-1\"><h5>Ap\u00e9ritifs *<\/h5><\/td><td class=\"column-2\"><\/td><td class=\"column-3\"><\/td>\n<\/tr>\n<tr class=\"row-2\">\n\t<td class=\"column-1\">Kir (cassis, m\u00fbre, p\u00eache)<\/td><td class=\"column-2\">12 cl<\/td><td class=\"column-3\">4,00 \u20ac<\/td>\n<\/tr>\n<tr class=\"row-3\">\n\t<td class=\"column-1\">Kir p\u00e9tillant (cassis, m\u00fbre, p\u00eache)<\/td><td class=\"column-2\">12 cl<\/td><td class=\"column-3\">5,00 \u20ac<\/td>\n<\/tr>\n<tr class=\"row-4\">\n\t<td class=\"column-1\">Kir Royal Champagne<\/td><td class=\"column-2\">12 cl<\/td><td class=\"column-3\">8,00 \u20ac<\/td>\n<\/tr>\n<tr class=\"row-5\">\n\t<td class=\"column-1\">Coupe de Champagne<\/td><td class=\"column-2\">12 cl<\/td><td class=\"column-3\">7,50 \u20ac<\/td>\n<\/tr>\n<tr class=\"row-6\">\n\t<td class=\"column-1\">Ricard \/ Pastis<\/td><td class=\"column-2\">&nbsp;&nbsp;4 cl<\/td><td class=\"column-3\">6,00 \u20ac<\/td>\n<\/tr>\n<tr class=\"row-7\">\n\t<td class=\"column-1\">Perroquet \/ Tomate<\/td><td class=\"column-2\">&nbsp;&nbsp;4 cl<\/td><td class=\"column-3\">6,50 \u20ac<\/td>\n<\/tr>\n<tr class=\"row-8\">\n\t<td class=\"column-1\">Porto \/ Marsala<\/td><td class=\"column-2\">&nbsp;&nbsp;5 cl<\/td><td class=\"column-3\">6,50 \u20ac<\/td>\n<\/tr>\n<tr class=\"row-9\">\n\t<td class=\"column-1\">Americano maison<\/td><td class=\"column-2\">10 cl<\/td><td class=\"column-3\">8,00 \u20ac<\/td>\n<\/tr>\n<tr class=\"row-10\">\n\t<td class=\"column-1\">Martini rouge ou blanc<\/td><td class=\"column-2\">&nbsp;&nbsp;8 cl<\/td><td class=\"column-3\">6,50 \u20ac<\/td>\n<\/tr>\n<tr class=\"row-11\">\n\t<td class=\"column-1\">Campari<\/td><td class=\"column-2\">&nbsp;&nbsp;8 cl<\/td><td class=\"column-3\">6,50 \u20ac<\/td>\n<\/tr>\n<tr class=\"row-12\">\n\t<td class=\"column-1\">Gin \/ Vodka \/ Suze<\/td><td class=\"column-2\">&nbsp;&nbsp;6 cl<\/td><td class=\"column-3\">7,00 \u20ac<\/td>\n<\/tr>\n<tr class=\"row-13\">\n\t<td class=\"column-1\">Martini Gin<\/td><td class=\"column-2\">&nbsp;&nbsp;6 cl<\/td><td class=\"column-3\">8,50 \u20ac<\/td>\n<\/tr>\n<tr class=\"row-14\">\n\t<td class=\"column-1\">Whisky (J&amp;B, Clan Campbell)<\/td><td class=\"column-2\">&nbsp;&nbsp;6 cl<\/td><td class=\"column-3\">7,00 \u20ac<\/td>\n<\/tr>\n<tr class=\"row-15\">\n\t<td class=\"column-1\">Jack Daniel's<\/td><td class=\"column-2\">&nbsp;&nbsp;6 cl<\/td><td class=\"column-3\">8,50 \u20ac<\/td>\n<\/tr>\n<tr class=\"row-16\">\n\t<td colspan=\"3\" class=\"column-1\"><br \/>\nSuppl\u00e9ment \"Soft\" : 1,00 \u20ac<\/td>\n<\/tr>\n<tr class=\"row-17\">\n\t<td class=\"column-1\"><p><\/p><br \/>\n<h5>Cocktails avec alcool *<\/h5><\/td><td class=\"column-2\"><\/td><td class=\"column-3\"><\/td>\n<\/tr>\n<tr class=\"row-18\">\n\t<td class=\"column-1\">Mojito<\/td><td class=\"column-2\">50 cl<\/td><td class=\"column-3\">8,50 \u20ac<\/td>\n<\/tr>\n<tr class=\"row-19\">\n\t<td class=\"column-1\">Sex on the Beach<\/td><td class=\"column-2\">50 cl<\/td><td class=\"column-3\">8,50 \u20ac<\/td>\n<\/tr>\n<tr class=\"row-20\">\n\t<td class=\"column-1\">Pi\u0148a Colada<\/td><td class=\"column-2\">50 cl<\/td><td class=\"column-3\">8,50 \u20ac<\/td>\n<\/tr>\n<tr class=\"row-21\">\n\t<td class=\"column-1\">Blue Lagon<\/td><td class=\"column-2\">50 cl<\/td><td class=\"column-3\">8,50 \u20ac<\/td>\n<\/tr>\n<tr class=\"row-22\">\n\t<td class=\"column-1\">Tequila Sunrise<\/td><td class=\"column-2\">50 cl<\/td><td class=\"column-3\">8,50 \u20ac<\/td>\n<\/tr>\n<tr class=\"row-23\">\n\t<td class=\"column-1\">Cocktail maison<\/td><td class=\"column-2\">50 cl<\/td><td class=\"column-3\">8,50 \u20ac<\/td>\n<\/tr>\n<tr class=\"row-24\">\n\t<td class=\"column-1\">Spritz<\/td><td class=\"column-2\">50 cl<\/td><td class=\"column-3\">8,50 \u20ac<\/td>\n<\/tr>\n<tr class=\"row-25\">\n\t<td class=\"column-1\"><p><\/p><br \/>\n<h5>Cocktails sans alcool<\/h5><\/td><td class=\"column-2\"><\/td><td class=\"column-3\"><\/td>\n<\/tr>\n<tr class=\"row-26\">\n\t<td class=\"column-1\">Cocktail maison<\/td><td class=\"column-2\">50 cl<\/td><td class=\"column-3\">7,50 \u20ac<\/td>\n<\/tr>\n<tr class=\"row-27\">\n\t<td class=\"column-1\">Virgin Mojito<\/td><td class=\"column-2\">50 cl<\/td><td class=\"column-3\">7,00 \u20ac<\/td>\n<\/tr>\n<tr class=\"row-28\">\n\t<td class=\"column-1\">Virgin Colada<\/td><td class=\"column-2\">50 cl<\/td><td class=\"column-3\">7,00 \u20ac<\/td>\n<\/tr>\n<\/tbody>\n<\/table>\n<!-- #tablepress-13 from cache -->\n<p>&nbsp;<\/p>\n<p>* <em>L&rsquo;abus d&rsquo;alcool est dangereux pour la sant\u00e9. A consommer avec mod\u00e9ration<\/em><\/p>\n<p>&nbsp;<\/p>\n","protected":false},"excerpt":{"rendered":"<p>&nbsp; &nbsp; * L&rsquo;abus d&rsquo;alcool est dangereux pour la sant\u00e9. A consommer avec mod\u00e9ration &nbsp;<\/p>\n","protected":false},"author":1,"featured_media":0,"parent":58,"menu_order":0,"comment_status":"closed","ping_status":"closed","template":"","meta":[],"_links":{"self":[{"href":"https:\/\/www.bono-pizzeria-pierrelaye.com\/index.php\/wp-json\/wp\/v2\/pages\/60"}],"collection":[{"href":"https:\/\/www.bono-pizzeria-pierrelaye.com\/index.php\/wp-json\/wp\/v2\/pages"}],"about":[{"href":"https:\/\/www.bono-pizzeria-pierrelaye.com\/index.php\/wp-json\/wp\/v2\/types\/page"}],"author":[{"embeddable":true,"href":"https:\/\/www.bono-pizzeria-pierrelaye.com\/index.php\/wp-json\/wp\/v2\/users\/1"}],"replies":[{"embeddable":true,"href":"https:\/\/www.bono-pizzeria-pierrelaye.com\/index.php\/wp-json\/wp\/v2\/comments?post=60"}],"version-history":[{"count":9,"href":"https:\/\/www.bono-pizzeria-pierrelaye.com\/index.php\/wp-json\/wp\/v2\/pages\/60\/revisions"}],"predecessor-version":[{"id":510,"href":"https:\/\/www.bono-pizzeria-pierrelaye.com\/index.php\/wp-json\/wp\/v2\/pages\/60\/revisions\/510"}],"up":[{"embeddable":true,"href":"https:\/\/www.bono-pizzeria-pierrelaye.com\/index.php\/wp-json\/wp\/v2\/pages\/58"}],"wp:attachment":[{"href":"https:\/\/www.bono-pizzeria-pierrelaye.com\/index.php\/wp-json\/wp\/v2\/media?parent=60"}],"curies":[{"name":"wp","href":"https:\/\/api.w.org\/{rel}","templated":true}]}}